{"id":554,"date":"2023-09-05T11:50:57","date_gmt":"2023-09-05T11:50:57","guid":{"rendered":"https:\/\/monicomagrar.rs\/?page_id=554"},"modified":"2026-03-24T15:53:24","modified_gmt":"2026-03-24T15:53:24","slug":"our-plantations","status":"publish","type":"page","link":"https:\/\/monicomagrar.rs\/sr\/our-plantations\/","title":{"rendered":"Na\u0161e planta\u017ee"},"content":{"rendered":"<div id=\"pl-554\"  class=\"panel-layout\" ><div id=\"pg-554-0\"  class=\"panel-grid panel-no-style\" ><div id=\"pgc-554-0-0\"  class=\"panel-grid-cell\" ><div class=\"form-group monicom-lang-switch\" style=\"display: none;\">\n    <ul>\n        <li lang=\"en\" class=\"qtranxs-lang-switch\">\n            <label>English<\/label>\n            <input class=\"language-btn\" type=\"radio\" name=\"languages\" value=\"en\" checked=\"checked\"\/>\n        <\/li>\n\n        <li lang=\"it\" class=\"qtranxs-lang-switch\">\n            <label>Serbian<\/label>\n            <input class=\"language-btn\" type=\"radio\" name=\"languages\" value=\"sr\" \/>\n        <\/li>\n    <\/ul>\n<\/div>\n\n<script>\n    if (window.jQuery) {\n        jQuery('.siteorigin-widget-field[class*=\"monicom_title_en\"]').addClass('en-fields');\n        jQuery('.siteorigin-widget-field[class*=\"monicom_text_en\"]').addClass('en-fields');\n        jQuery('.siteorigin-widget-field[class*=\"monicom_title_sr\"]').addClass('sr-fields');\n        jQuery('.siteorigin-widget-field[class*=\"monicom_text_sr\"]').addClass('sr-fields');\n\n        jQuery(\"input[name='languages']\").change(function (e) {\n            if (jQuery(this).val() === 'en') {\n                jQuery('.sr-fields').hide();\n                jQuery('.en-fields').show();\n            } else {\n                jQuery('.en-fields').hide();\n                jQuery('.sr-fields').show();\n            }\n        });\n    }\n<\/script><div id=\"panel-554-0-0-0\" class=\"so-panel widget widget_product-short-description panel-first-child panel-last-child\" data-index=\"0\" ><div class=\"panel-widget-style panel-widget-style-for-554-0-0-0\" ><div\n\t\t\t\n\t\t\tclass=\"so-widget-product-short-description so-widget-product-short-description-base\"\n\t\t\t\n\t\t><div class=\"product-short-description\">\n    <div class=\"inner-text\">\n        <p style=\"text-align: center; font-size: 18px; color: #131360;\">Uspeli smo da stvorimo sopstvenu sirovinsku bazu na zemlji\u0161tu idealnom za podizanje zasada vi\u0161nje i \u0161ljive. U blizini industrijskog kompleksa u Aleksincu, zemlji\u0161ta na teritoriji Leskovca, Vlasotinca i Aleksinca, zakupili smo na 35 godina 428 ha poljoprivrednog zemlji\u0161ta. U periodu od 2018. do danas, izvr\u0161ena su opse\u017ena investiciona ulaganja u procesu privo\u0111enja zakupljenog zapu\u0161tenog zemlji\u0161ta nameni (kr\u010denje, ra\u0161\u010di\u0161\u0107avanje, primena agrotehni\u010dkih mera, pobolj\u0161anje kvaliteta zemlji\u0161ta, \u0111ubrenje\u2026). Planta\u017ee su strate\u0161ki raspore\u0111ene na 3 razli\u010dte lokacije (rejon Leskovca, Vlasotinca i Aleksinca) zbog mirkoklimatskih uslova tokom perioda eksploatacije vo\u0107njaka, sa ciljem da se kroz teritorijalnu disperziju maksimalno smanji rizik od elementarnih nepogoda (grad, mraz, su\u0161a\u2026). O\u010dekivani prinosi u godini pune rodnosti su preko 3.000 tona sopstvene sve\u017ee \u0161ljive i preko 3.000 tona sopstvene sve\u017ee vi\u0161nje, \u0161to bi uz nastavak dosada\u0161nje izvanredne partnerske saradnje sa na\u0161im proverenim kooperantima, omogu\u0107ilo u kona\u010dnom obezbe\u0111ivanje 7.000 - 8.000 tona sve\u017ee vi\u0161nje za sezonu prerade i 7.000 - 8000 tona sve\u017ee \u0161ljive za sezonu prerade.<\/p>    <\/div>\n<\/div><\/div><\/div><\/div><\/div><\/div><div id=\"pg-554-1\"  class=\"panel-grid panel-no-style\" ><div id=\"pgc-554-1-0\"  class=\"panel-grid-cell\" ><div id=\"panel-554-1-0-0\" class=\"so-panel widget widget_sow-editor panel-first-child panel-last-child\" data-index=\"1\" ><div\n\t\t\t\n\t\t\tclass=\"so-widget-sow-editor so-widget-sow-editor-base\"\n\t\t\t\n\t\t>\n<div class=\"siteorigin-widget-tinymce textwidget\">\n\t<div style=\"width:100%;\" class=\"wp-video\"><!--[if lt IE 9]><script>document.createElement('video');<\/script><![endif]-->\n<video class=\"wp-video-shortcode\" id=\"video-554-1\" preload=\"metadata\" controls=\"controls\"><source type=\"video\/youtube\" src=\"https:\/\/www.youtube.com\/watch?v=HpnghOm7wf4&#038;t=6s&#038;ab_channel=Monicom&#038;_=1\" \/><a href=\"https:\/\/www.youtube.com\/watch?v=HpnghOm7wf4&#038;t=6s&#038;ab_channel=Monicom\" data-rel=\"lightbox-video-0\">https:\/\/www.youtube.com\/watch?v=HpnghOm7wf4&#038;t=6s&#038;ab_channel=Monicom<\/a><\/video><\/div>\n<\/div>\n<\/div><\/div><\/div><\/div><\/div>","protected":false},"excerpt":{"rendered":"<p>Uspeli smo da stvorimo sopstvenu sirovinsku bazu na zemlji\u0161tu idealnom za podizanje zasada vi\u0161nje i \u0161ljive. U blizini industrijskog kompleksa u Aleksincu, zemlji\u0161ta na teritoriji Leskovca, Vlasotinca i Aleksinca, zakupili smo na 35 godina 428 ha poljoprivrednog zemlji\u0161ta. U periodu od 2018. do danas, izvr\u0161ena su opse\u017ena investiciona ulaganja u procesu privo\u0111enja zakupljenog zapu\u0161tenog zemlji\u0161ta [&hellip;]<\/p>\n","protected":false},"author":6,"featured_media":0,"parent":0,"menu_order":0,"comment_status":"closed","ping_status":"closed","template":"","meta":{"_acf_changed":false,"footnotes":""},"acf":[],"_links":{"self":[{"href":"https:\/\/monicomagrar.rs\/sr\/wp-json\/wp\/v2\/pages\/554"}],"collection":[{"href":"https:\/\/monicomagrar.rs\/sr\/wp-json\/wp\/v2\/pages"}],"about":[{"href":"https:\/\/monicomagrar.rs\/sr\/wp-json\/wp\/v2\/types\/page"}],"author":[{"embeddable":true,"href":"https:\/\/monicomagrar.rs\/sr\/wp-json\/wp\/v2\/users\/6"}],"replies":[{"embeddable":true,"href":"https:\/\/monicomagrar.rs\/sr\/wp-json\/wp\/v2\/comments?post=554"}],"version-history":[{"count":0,"href":"https:\/\/monicomagrar.rs\/sr\/wp-json\/wp\/v2\/pages\/554\/revisions"}],"wp:attachment":[{"href":"https:\/\/monicomagrar.rs\/sr\/wp-json\/wp\/v2\/media?parent=554"}],"curies":[{"name":"wp","href":"https:\/\/api.w.org\/{rel}","templated":true}]}}